{"id":352,"date":"2007-12-09T18:11:49","date_gmt":"2007-12-09T17:11:49","guid":{"rendered":"https:\/\/www.churbayportillo.com\/blog\/encuestas\/"},"modified":"2007-12-09T23:03:47","modified_gmt":"2007-12-09T22:03:47","slug":"encuestas","status":"publish","type":"page","link":"https:\/\/www.churbayportillo.com\/blog\/encuestas\/","title":{"rendered":"Encuestas"},"content":{"rendered":"<div class=\"wp-polls wp-polls-archive\">\n<h3>\u00bfCelebramos el D\u00eda de las Peque\u00f1as Empresas?<\/h3>\r\n<div id=\"polls-12-ans\" class=\"wp-polls-ans\">\r\n<ul class=\"wp-polls-ul\"><li>S\u00ed <small>(100%)<\/small><div class=\"pollbar\" style=\"width: 90%;\" title=\"S\u00ed (100% | 8 Votes)\"><\/div><\/li><li>No <small>(0%)<\/small><div class=\"pollbar\" style=\"width: 1%;\" title=\"No (0% | 0 Votes)\"><\/div><\/li><\/ul>\r\n<p style=\"text-align: center;\">Total votos: <strong>8<\/strong><\/p>\r\n<\/div><p>Start Date: 12 abril 2013 @ 11:10<br \/>End Date: Sin caducidad<\/p><h3>\u00bfHay ahora m\u00e1s cr\u00e9ditos para las peque\u00f1as y medianas empresas (pymes) que hace unos meses?<\/h3>\r\n<div id=\"polls-11-ans\" class=\"wp-polls-ans\">\r\n<ul class=\"wp-polls-ul\"><li>Si <small>(11%)<\/small><div class=\"pollbar\" style=\"width: 10%;\" title=\"Si (11% | 3 Votes)\"><\/div><\/li><li>No <small>(89%)<\/small><div class=\"pollbar\" style=\"width: 80%;\" title=\"No (89% | 24 Votes)\"><\/div><\/li><\/ul>\r\n<p style=\"text-align: center;\">Total votos: <strong>27<\/strong><\/p>\r\n<\/div><p>Start Date: 4 mayo 2009 @ 9:33<br \/>End Date: Sin caducidad<\/p><h3>\u00bfTienen las autoridades que tomar nuevas medidas para que los bancos presten dinero?<\/h3>\r\n<div id=\"polls-10-ans\" class=\"wp-polls-ans\">\r\n<ul class=\"wp-polls-ul\"><li>S\u00ed <small>(98%)<\/small><div class=\"pollbar\" style=\"width: 88%;\" title=\"S\u00ed (98% | 42 Votes)\"><\/div><\/li><li>No <small>(2%)<\/small><div class=\"pollbar\" style=\"width: 2%;\" title=\"No (2% | 1 Votes)\"><\/div><\/li><\/ul>\r\n<p style=\"text-align: center;\">Total votos: <strong>43<\/strong><\/p>\r\n<\/div><p>Start Date: 5 diciembre 2008 @ 11:40<br \/>End Date: Sin caducidad<\/p><h3>\u00bfEmprendedor, aut\u00f3nomo, directivo o empleado?<\/h3>\r\n<div id=\"polls-8-ans\" class=\"wp-polls-ans\">\r\n<ul class=\"wp-polls-ul\"><li>Aut\u00f3nomo\/a <small>(35%)<\/small><div class=\"pollbar\" style=\"width: 32%;\" title=\"Aut\u00f3nomo\/a (35% | 14 Votes)\"><\/div><\/li><li>Empresario\/a <small>(18%)<\/small><div class=\"pollbar\" style=\"width: 16%;\" title=\"Empresario\/a (18% | 7 Votes)\"><\/div><\/li><li>Directivo\/a <small>(5%)<\/small><div class=\"pollbar\" style=\"width: 5%;\" title=\"Directivo\/a (5% | 2 Votes)\"><\/div><\/li><li>Empleado\/a <small>(28%)<\/small><div class=\"pollbar\" style=\"width: 25%;\" title=\"Empleado\/a (28% | 11 Votes)\"><\/div><\/li><li>Estudiante <small>(15%)<\/small><div class=\"pollbar\" style=\"width: 14%;\" title=\"Estudiante (15% | 6 Votes)\"><\/div><\/li><li>Desempleado <small>(0%)<\/small><div class=\"pollbar\" style=\"width: 1%;\" title=\"Desempleado (0% | 0 Votes)\"><\/div><\/li><\/ul>\r\n<p style=\"text-align: center;\">Total votos: <strong>40<\/strong><\/p>\r\n<\/div><p>Start Date: 20 diciembre 2008 @ 10:38<br \/>End Date: Sin caducidad<\/p><h3>\u00bfHombre o mujer?<\/h3>\r\n<div id=\"polls-7-ans\" class=\"wp-polls-ans\">\r\n<ul class=\"wp-polls-ul\"><li>Hombre <small>(65%)<\/small><div class=\"pollbar\" style=\"width: 59%;\" title=\"Hombre (65% | 24 Votes)\"><\/div><\/li><li>Mujer <small>(35%)<\/small><div class=\"pollbar\" style=\"width: 32%;\" title=\"Mujer (35% | 13 Votes)\"><\/div><\/li><\/ul>\r\n<p style=\"text-align: center;\">Total votos: <strong>37<\/strong><\/p>\r\n<\/div><p>Start Date: 20 diciembre 2008 @ 10:35<br \/>End Date: Sin caducidad<\/p><\/div>\n<div class=\"wp-polls-paging\">\n<span class=\"pages\">&#8201;P\u00e1gina 1 de 3&#8201;<\/span><span class=\"current\">&#8201;1&#8201;<\/span><a href=\"https:\/\/www.churbayportillo.com\/blog\/encuestas\/?poll_page=2\" title=\"2\">&#8201;2&#8201;<\/a><a href=\"https:\/\/www.churbayportillo.com\/blog\/encuestas\/?poll_page=3\" title=\"3\">&#8201;3&#8201;<\/a><a href=\"https:\/\/www.churbayportillo.com\/blog\/encuestas\/?poll_page=2\" title=\"&raquo;\">&#8201;&raquo;&#8201;<\/a><\/div>\n","protected":false},"excerpt":{"rendered":"","protected":false},"author":2,"featured_media":0,"parent":0,"menu_order":0,"comment_status":"open","ping_status":"open","template":"","meta":{"footnotes":""},"class_list":["post-352","page","type-page","status-publish"],"yoast_head":"<!-- This site is optimized with the Yoast SEO plugin v27.2 - https:\/\/yoast.com\/product\/yoast-seo-wordpress\/ -->\n<title>Encuestas - El Secreto de las Pymes que crecen<\/title>\n<meta name=\"robots\" content=\"index, follow, max-snippet:-1, max-image-preview:large, max-video-preview:-1\" \/>\n<link rel=\"canonical\" href=\"https:\/\/www.churbayportillo.com\/blog\/encuestas\/\" \/>\n<meta property=\"og:locale\" content=\"es_ES\" \/>\n<meta property=\"og:type\" content=\"article\" \/>\n<meta property=\"og:title\" content=\"Encuestas - El Secreto de las Pymes que crecen\" \/>\n<meta property=\"og:url\" content=\"https:\/\/www.churbayportillo.com\/blog\/encuestas\/\" \/>\n<meta property=\"og:site_name\" content=\"El Secreto de las Pymes que crecen\" \/>\n<meta property=\"article:publisher\" content=\"https:\/\/www.facebook.com\/churbayportillo\" \/>\n<meta property=\"article:modified_time\" content=\"2007-12-09T22:03:47+00:00\" \/>\n<meta name=\"twitter:card\" content=\"summary_large_image\" \/>\n<meta name=\"twitter:site\" content=\"@elsecreto\" \/>\n<script type=\"application\/ld+json\" class=\"yoast-schema-graph\">{\"@context\":\"https:\/\/schema.org\",\"@graph\":[{\"@type\":\"WebPage\",\"@id\":\"https:\/\/www.churbayportillo.com\/blog\/encuestas\/\",\"url\":\"https:\/\/www.churbayportillo.com\/blog\/encuestas\/\",\"name\":\"Encuestas - El Secreto de las Pymes que crecen\",\"isPartOf\":{\"@id\":\"https:\/\/www.churbayportillo.com\/blog\/#website\"},\"datePublished\":\"2007-12-09T17:11:49+00:00\",\"dateModified\":\"2007-12-09T22:03:47+00:00\",\"breadcrumb\":{\"@id\":\"https:\/\/www.churbayportillo.com\/blog\/encuestas\/#breadcrumb\"},\"inLanguage\":\"es\",\"potentialAction\":[{\"@type\":\"ReadAction\",\"target\":[\"https:\/\/www.churbayportillo.com\/blog\/encuestas\/\"]}]},{\"@type\":\"BreadcrumbList\",\"@id\":\"https:\/\/www.churbayportillo.com\/blog\/encuestas\/#breadcrumb\",\"itemListElement\":[{\"@type\":\"ListItem\",\"position\":1,\"name\":\"Portada\",\"item\":\"https:\/\/www.churbayportillo.com\/blog\/\"},{\"@type\":\"ListItem\",\"position\":2,\"name\":\"Encuestas\"}]},{\"@type\":\"WebSite\",\"@id\":\"https:\/\/www.churbayportillo.com\/blog\/#website\",\"url\":\"https:\/\/www.churbayportillo.com\/blog\/\",\"name\":\"El Secreto de las Pymes que crecen\",\"description\":\"Informaci\u00f3n y consejos para vender m\u00e1s\",\"publisher\":{\"@id\":\"https:\/\/www.churbayportillo.com\/blog\/#organization\"},\"potentialAction\":[{\"@type\":\"SearchAction\",\"target\":{\"@type\":\"EntryPoint\",\"urlTemplate\":\"https:\/\/www.churbayportillo.com\/blog\/?s={search_term_string}\"},\"query-input\":{\"@type\":\"PropertyValueSpecification\",\"valueRequired\":true,\"valueName\":\"search_term_string\"}}],\"inLanguage\":\"es\"},{\"@type\":\"Organization\",\"@id\":\"https:\/\/www.churbayportillo.com\/blog\/#organization\",\"name\":\"El Secreto de las Pymes que crecen\",\"url\":\"https:\/\/www.churbayportillo.com\/blog\/\",\"logo\":{\"@type\":\"ImageObject\",\"inLanguage\":\"es\",\"@id\":\"https:\/\/www.churbayportillo.com\/blog\/#\/schema\/logo\/image\/\",\"url\":\"https:\/\/www.churbayportillo.com\/blog\/wp-content\/uploads\/2021\/12\/logo.png\",\"contentUrl\":\"https:\/\/www.churbayportillo.com\/blog\/wp-content\/uploads\/2021\/12\/logo.png\",\"width\":599,\"height\":109,\"caption\":\"El Secreto de las Pymes que crecen\"},\"image\":{\"@id\":\"https:\/\/www.churbayportillo.com\/blog\/#\/schema\/logo\/image\/\"},\"sameAs\":[\"https:\/\/www.facebook.com\/churbayportillo\",\"https:\/\/x.com\/elsecreto\"]}]}<\/script>\n<!-- \/ Yoast SEO plugin. -->","yoast_head_json":{"title":"Encuestas - El Secreto de las Pymes que crecen","robots":{"index":"index","follow":"follow","max-snippet":"max-snippet:-1","max-image-preview":"max-image-preview:large","max-video-preview":"max-video-preview:-1"},"canonical":"https:\/\/www.churbayportillo.com\/blog\/encuestas\/","og_locale":"es_ES","og_type":"article","og_title":"Encuestas - El Secreto de las Pymes que crecen","og_url":"https:\/\/www.churbayportillo.com\/blog\/encuestas\/","og_site_name":"El Secreto de las Pymes que crecen","article_publisher":"https:\/\/www.facebook.com\/churbayportillo","article_modified_time":"2007-12-09T22:03:47+00:00","twitter_card":"summary_large_image","twitter_site":"@elsecreto","schema":{"@context":"https:\/\/schema.org","@graph":[{"@type":"WebPage","@id":"https:\/\/www.churbayportillo.com\/blog\/encuestas\/","url":"https:\/\/www.churbayportillo.com\/blog\/encuestas\/","name":"Encuestas - El Secreto de las Pymes que crecen","isPartOf":{"@id":"https:\/\/www.churbayportillo.com\/blog\/#website"},"datePublished":"2007-12-09T17:11:49+00:00","dateModified":"2007-12-09T22:03:47+00:00","breadcrumb":{"@id":"https:\/\/www.churbayportillo.com\/blog\/encuestas\/#breadcrumb"},"inLanguage":"es","potentialAction":[{"@type":"ReadAction","target":["https:\/\/www.churbayportillo.com\/blog\/encuestas\/"]}]},{"@type":"BreadcrumbList","@id":"https:\/\/www.churbayportillo.com\/blog\/encuestas\/#breadcrumb","itemListElement":[{"@type":"ListItem","position":1,"name":"Portada","item":"https:\/\/www.churbayportillo.com\/blog\/"},{"@type":"ListItem","position":2,"name":"Encuestas"}]},{"@type":"WebSite","@id":"https:\/\/www.churbayportillo.com\/blog\/#website","url":"https:\/\/www.churbayportillo.com\/blog\/","name":"El Secreto de las Pymes que crecen","description":"Informaci\u00f3n y consejos para vender m\u00e1s","publisher":{"@id":"https:\/\/www.churbayportillo.com\/blog\/#organization"},"potentialAction":[{"@type":"SearchAction","target":{"@type":"EntryPoint","urlTemplate":"https:\/\/www.churbayportillo.com\/blog\/?s={search_term_string}"},"query-input":{"@type":"PropertyValueSpecification","valueRequired":true,"valueName":"search_term_string"}}],"inLanguage":"es"},{"@type":"Organization","@id":"https:\/\/www.churbayportillo.com\/blog\/#organization","name":"El Secreto de las Pymes que crecen","url":"https:\/\/www.churbayportillo.com\/blog\/","logo":{"@type":"ImageObject","inLanguage":"es","@id":"https:\/\/www.churbayportillo.com\/blog\/#\/schema\/logo\/image\/","url":"https:\/\/www.churbayportillo.com\/blog\/wp-content\/uploads\/2021\/12\/logo.png","contentUrl":"https:\/\/www.churbayportillo.com\/blog\/wp-content\/uploads\/2021\/12\/logo.png","width":599,"height":109,"caption":"El Secreto de las Pymes que crecen"},"image":{"@id":"https:\/\/www.churbayportillo.com\/blog\/#\/schema\/logo\/image\/"},"sameAs":["https:\/\/www.facebook.com\/churbayportillo","https:\/\/x.com\/elsecreto"]}]}},"jetpack-related-posts":[{"id":1965,"url":"https:\/\/www.churbayportillo.com\/blog\/resultados\/","url_meta":{"origin":352,"position":0},"title":"Resultados","author":"Angeles Portillo","date":"23 diciembre 2008","format":false,"excerpt":"","rel":"","context":"En \u00abGeneral\u00bb","block_context":{"text":"General","link":"https:\/\/www.churbayportillo.com\/blog\/category\/general\/"},"img":{"alt_text":"","src":"","width":0,"height":0},"classes":[]},{"id":184,"url":"https:\/\/www.churbayportillo.com\/blog\/las-aventuras-de-pimi\/","url_meta":{"origin":352,"position":1},"title":"Las aventuras de PIMI","author":"Churba &amp; Portillo","date":"3 diciembre 2006","format":false,"excerpt":"","rel":"","context":"En \u00abGeneral\u00bb","block_context":{"text":"General","link":"https:\/\/www.churbayportillo.com\/blog\/category\/general\/"},"img":{"alt_text":"","src":"","width":0,"height":0},"classes":[]}],"jetpack_sharing_enabled":true,"_links":{"self":[{"href":"https:\/\/www.churbayportillo.com\/blog\/wp-json\/wp\/v2\/pages\/352","targetHints":{"allow":["GET"]}}],"collection":[{"href":"https:\/\/www.churbayportillo.com\/blog\/wp-json\/wp\/v2\/pages"}],"about":[{"href":"https:\/\/www.churbayportillo.com\/blog\/wp-json\/wp\/v2\/types\/page"}],"author":[{"embeddable":true,"href":"https:\/\/www.churbayportillo.com\/blog\/wp-json\/wp\/v2\/users\/2"}],"replies":[{"embeddable":true,"href":"https:\/\/www.churbayportillo.com\/blog\/wp-json\/wp\/v2\/comments?post=352"}],"version-history":[{"count":0,"href":"https:\/\/www.churbayportillo.com\/blog\/wp-json\/wp\/v2\/pages\/352\/revisions"}],"wp:attachment":[{"href":"https:\/\/www.churbayportillo.com\/blog\/wp-json\/wp\/v2\/media?parent=352"}],"curies":[{"name":"wp","href":"https:\/\/api.w.org\/{rel}","templated":true}]}}